{"id":3016,"date":"2025-02-06T08:01:41","date_gmt":"2025-02-06T08:01:41","guid":{"rendered":"http:\/\/localhost\/bentol\/?page_id=3016"},"modified":"2025-10-27T19:43:13","modified_gmt":"2025-10-27T10:43:13","slug":"news","status":"publish","type":"page","link":"https:\/\/terasun.jp\/vi\/news\/","title":{"rendered":"Tin t\u1ee9c"},"content":{"rendered":"<div data-elementor-type=\"wp-page\" data-elementor-id=\"3016\" class=\"elementor elementor-3016\" data-elementor-post-type=\"page\">\n\t\t\t\t<div class=\"elementor-element elementor-element-6cfbc7d e-con-full e-flex e-con e-parent\" data-id=\"6cfbc7d\" data-element_type=\"container\" data-settings=\"{&quot;background_background&quot;:&quot;classic&quot;}\">\n\t\t\t\t<div class=\"elementor-element elementor-element-6549b86 elementor-widget elementor-widget-bentol_blog_grid\" data-id=\"6549b86\" data-element_type=\"widget\" data-widget_type=\"bentol_blog_grid.default\">\n\t\t\t\t<div class=\"elementor-widget-container\">\n\t\t\t\t\t\n        <section class=\"blog-section space bg-theme3\">\n            <div class=\"container\">\n                <div class=\"row gy-30\">\n                                            <div class=\"col-lg-4 col-md-6 col-sm-6\">\n\n                            <article class=\"blog-single-box\">\n                                <div class=\"inner-box\">\n                                    <div class=\"blog-image\">\n                                                                                    <img decoding=\"async\" src=\"https:\/\/terasun.jp\/wp-content\/uploads\/2025\/10\/japan-city-guide-hero.webp\" alt=\"image\" title=\"\">\n                                        \n                                                                                    <div class=\"category-tag\">\n                                                <a href=\"https:\/\/terasun.jp\/vi\/category\/%e3%83%8b%e3%83%a5%e3%83%bc%e3%82%b9\/\">Tin t\u1ee9c<\/a>\n                                            <\/div>\n                                                                            <\/div>\n                                    <div class=\"blog-content\">\n                                        <div class=\"author\">\n                                            <img decoding=\"async\" src=\"https:\/\/secure.gravatar.com\/avatar\/12089b5bc9777b7a0bfa0d6c504286abe2f5c30e6a6d4da1e0e5f68377adc783?s=96&#038;d=mm&#038;r=g\" alt=\"Author Image\" title=\"\">\n                                            <span class=\"name\"><span>By<\/span> Terasun<\/span>\n                                        <\/div>\n                                        <div class=\"pt-25 pb-20\"><div class=\"border dark\"><\/div><\/div>\n                                        <h4 class=\"title\"><a href=\"https:\/\/terasun.jp\/vi\/%e5%ba%83%e5%b3%b6%e3%80%81%e5%a4%96%e5%9b%bd%e4%bc%81%e6%a5%ad%e3%81%ae%e8%aa%98%e8%87%b4%e3%82%92%e5%bc%b7%e5%8c%96-%e3%83%99%e3%83%88%e3%83%8a%e3%83%a0%e4%bc%81%e6%a5%ad%e3%81%ab%e6%96%b0\/\">Hiroshima \u0111\u1ea9y m\u1ea1nh thu h\u00fat doanh nghi\u1ec7p n\u01b0\u1edbc ngo\u00e0i \u2013 c\u01a1 h\u1ed9i m\u1edbi cho doanh nghi\u1ec7p Vi\u1ec7t Nam<\/a><\/h4>\n                                        <p class=\"text\">T\u1ec9nh Hiroshima \u0111\u00e3 c\u00f4ng b\u1ed1 ch\u00ednh s\u00e1ch thu h\u00fat doanh nghi\u1ec7p n\u01b0\u1edbc ngo\u00e0i m\u1edbi nh\u1eb1m th\u00fac \u0111\u1ea9y h\u1ee3p t\u00e1c kinh t\u1ebf v\u1edbi c\u00e1c qu\u1ed1c gia \u0110\u00f4ng Nam \u00c1, \u0111\u1eb7c bi\u1ec7t l\u00e0 Vi\u1ec7t Nam.<\/p>\n                                        <a href=\"https:\/\/terasun.jp\/vi\/%e5%ba%83%e5%b3%b6%e3%80%81%e5%a4%96%e5%9b%bd%e4%bc%81%e6%a5%ad%e3%81%ae%e8%aa%98%e8%87%b4%e3%82%92%e5%bc%b7%e5%8c%96-%e3%83%99%e3%83%88%e3%83%8a%e3%83%a0%e4%bc%81%e6%a5%ad%e3%81%ab%e6%96%b0\/\" class=\"continue-reading\">\u0110\u1ecdc th\u00eam<\/a>\n                                    <\/div>\n                                <\/div>\n                            <\/article> \n                        <\/div>\n                                            <div class=\"col-lg-4 col-md-6 col-sm-6\">\n\n                            <article class=\"blog-single-box\">\n                                <div class=\"inner-box\">\n                                    <div class=\"blog-image\">\n                                                                                    <img decoding=\"async\" src=\"https:\/\/terasun.jp\/wp-content\/uploads\/2025\/10\/b130131045-banner-size.jpg\" alt=\"image\" title=\"\">\n                                        \n                                                                                    <div class=\"category-tag\">\n                                                <a href=\"https:\/\/terasun.jp\/vi\/category\/%e3%83%8b%e3%83%a5%e3%83%bc%e3%82%b9\/\">Tin t\u1ee9c<\/a>\n                                            <\/div>\n                                                                            <\/div>\n                                    <div class=\"blog-content\">\n                                        <div class=\"author\">\n                                            <img decoding=\"async\" src=\"https:\/\/secure.gravatar.com\/avatar\/12089b5bc9777b7a0bfa0d6c504286abe2f5c30e6a6d4da1e0e5f68377adc783?s=96&#038;d=mm&#038;r=g\" alt=\"Author Image\" title=\"\">\n                                            <span class=\"name\"><span>By<\/span> Terasun<\/span>\n                                        <\/div>\n                                        <div class=\"pt-25 pb-20\"><div class=\"border dark\"><\/div><\/div>\n                                        <h4 class=\"title\"><a href=\"https:\/\/terasun.jp\/vi\/%e5%ba%83%e5%b3%b6%e3%80%81esg%e7%b5%8c%e6%b8%88%e9%83%bd%e5%b8%82%e3%81%b8-%e6%97%a5%e6%9c%ac%e5%88%9d%e3%81%ae%e6%8c%81%e7%b6%9a%e5%8f%af%e8%83%bd%e3%83%a2%e3%83%87%e3%83%ab%e9%83%bd\/\">Hiroshima tr\u1edf th\u00e0nh th\u00e0nh ph\u1ed1 kinh t\u1ebf ESG \u2013 \u0111\u01b0\u1ee3c c\u00f4ng nh\u1eadn l\u00e0 m\u00f4 h\u00ecnh b\u1ec1n v\u1eefng \u0111\u1ea7u ti\u00ean c\u1ee7a Nh\u1eadt<\/a><\/h4>\n                                        <p class=\"text\">N\u0103m 2025, th\u00e0nh ph\u1ed1 Hiroshima \u0111\u01b0\u1ee3c Ch\u00ednh ph\u1ee7 Nh\u1eadt B\u1ea3n l\u1ef1a ch\u1ecdn l\u00e0 \u0110\u00f4 th\u1ecb m\u1eabu ESG (M\u00f4i tr\u01b0\u1eddng \u2013 X\u00e3 h\u1ed9i \u2013 Qu\u1ea3n tr\u1ecb).\n\nC\u00e1c l\u0129nh v\u1ef1c tr\u1ecdng t\u00e2m bao g\u1ed3m:\n\nN\u0103ng l\u01b0\u1ee3ng t\u00e1i t\u1ea1o (nh\u01b0 n\u0103ng l\u01b0\u1ee3ng m\u1eb7t tr\u1eddi, n\u0103ng l\u01b0\u1ee3ng hydro); C\u00f4ng ngh\u1ec7 m\u00f4i tr\u01b0\u1eddng; Gi\u1ea3i ph\u00e1p kh\u1eed carbon; Ph\u00e1t tri\u1ec3n \u0111\u00f4 th\u1ecb b\u1ec1n v\u1eefng; T\u0103ng c\u01b0\u1eddng li\u00ean k\u1ebft kinh doanh qu\u1ed1c t\u1ebf.<\/p>\n                                        <a href=\"https:\/\/terasun.jp\/vi\/%e5%ba%83%e5%b3%b6%e3%80%81esg%e7%b5%8c%e6%b8%88%e9%83%bd%e5%b8%82%e3%81%b8-%e6%97%a5%e6%9c%ac%e5%88%9d%e3%81%ae%e6%8c%81%e7%b6%9a%e5%8f%af%e8%83%bd%e3%83%a2%e3%83%87%e3%83%ab%e9%83%bd\/\" class=\"continue-reading\">\u0110\u1ecdc th\u00eam<\/a>\n                                    <\/div>\n                                <\/div>\n                            <\/article> \n                        <\/div>\n                                            <div class=\"col-lg-4 col-md-6 col-sm-6\">\n\n                            <article class=\"blog-single-box\">\n                                <div class=\"inner-box\">\n                                    <div class=\"blog-image\">\n                                                                                    <img decoding=\"async\" src=\"https:\/\/terasun.jp\/wp-content\/uploads\/2025\/10\/2147c821ce30436e1a21.jpg\" alt=\"image\" title=\"\">\n                                        \n                                                                                    <div class=\"category-tag\">\n                                                <a href=\"https:\/\/terasun.jp\/vi\/category\/%e3%83%8b%e3%83%a5%e3%83%bc%e3%82%b9\/\">Tin t\u1ee9c<\/a>\n                                            <\/div>\n                                                                            <\/div>\n                                    <div class=\"blog-content\">\n                                        <div class=\"author\">\n                                            <img decoding=\"async\" src=\"https:\/\/secure.gravatar.com\/avatar\/12089b5bc9777b7a0bfa0d6c504286abe2f5c30e6a6d4da1e0e5f68377adc783?s=96&#038;d=mm&#038;r=g\" alt=\"Author Image\" title=\"\">\n                                            <span class=\"name\"><span>By<\/span> Terasun<\/span>\n                                        <\/div>\n                                        <div class=\"pt-25 pb-20\"><div class=\"border dark\"><\/div><\/div>\n                                        <h4 class=\"title\"><a href=\"https:\/\/terasun.jp\/vi\/%e5%ba%83%e5%b3%b6%e3%81%ae%e5%8a%b4%e5%83%8d%e5%b8%82%e5%a0%b4%e3%81%8c%e6%80%a5%e5%9b%9e%e5%be%a9-%e6%8a%80%e8%a1%93%e4%ba%ba%e6%9d%90%e3%81%ae%e9%9c%80%e8%a6%81%e3%81%8c%e6%8b%a1%e5%a4%a7\/\">Th\u1ecb tr\u01b0\u1eddng lao \u0111\u1ed9ng Hiroshima ph\u1ee5c h\u1ed3i nhanh \u2013 nhu c\u1ea7u nh\u00e2n l\u1ef1c k\u1ef9 thu\u1eadt t\u0103ng m\u1ea1nh<\/a><\/h4>\n                                        <p class=\"text\">V\u01b0\u1ee3t qua giai \u0111o\u1ea1n suy gi\u1ea3m kinh t\u1ebf do \u0111\u1ea1i d\u1ecbch COVID-19, th\u1ecb tr\u01b0\u1eddng vi\u1ec7c l\u00e0m c\u1ee7a Hiroshima \u0111\u00e3 \u0111\u1ea1t m\u1ee9c ph\u1ee5c h\u1ed3i cao nh\u1ea5t trong khu v\u1ef1c Chugoku.\nTheo d\u1eef li\u1ec7u m\u1edbi nh\u1ea5t t\u1eeb C\u1ee5c Lao \u0111\u1ed9ng Hiroshima, t\u1ef7 l\u1ec7 th\u1ea5t nghi\u1ec7p \u0111\u00e3 c\u1ea3i thi\u1ec7n xu\u1ed1ng c\u00f2n 2,4%, th\u1ea5p h\u01a1n m\u1ee9c trung b\u00ecnh to\u00e0n qu\u1ed1c.<\/p>\n                                        <a href=\"https:\/\/terasun.jp\/vi\/%e5%ba%83%e5%b3%b6%e3%81%ae%e5%8a%b4%e5%83%8d%e5%b8%82%e5%a0%b4%e3%81%8c%e6%80%a5%e5%9b%9e%e5%be%a9-%e6%8a%80%e8%a1%93%e4%ba%ba%e6%9d%90%e3%81%ae%e9%9c%80%e8%a6%81%e3%81%8c%e6%8b%a1%e5%a4%a7\/\" class=\"continue-reading\">\u0110\u1ecdc th\u00eam<\/a>\n                                    <\/div>\n                                <\/div>\n                            <\/article> \n                        <\/div>\n                                    <\/div>\n\n                <!-- \u09aa\u09c7\u099c\u09bf\u09a8\u09c7\u09b6\u09a8 -->\n                            <\/div>\n        <\/section>\n        \n        \t\t\t\t<\/div>\n\t\t\t\t<\/div>\n\t\t\t\t<\/div>\n\t\t\t\t<\/div>","protected":false},"excerpt":{"rendered":"<p>\u5e02\u5834\u30cb\u30e5\u30fc\u30b9 By Terasun Continually monetize open source netw <\/p>","protected":false},"author":2,"featured_media":6028,"parent":0,"menu_order":0,"comment_status":"closed","ping_status":"closed","template":"elementor_theme","meta":{"_acf_changed":false,"footnotes":""},"class_list":["post-3016","page","type-page","status-publish","has-post-thumbnail","hentry"],"acf":[],"_links":{"self":[{"href":"https:\/\/terasun.jp\/vi\/wp-json\/wp\/v2\/pages\/3016","targetHints":{"allow":["GET"]}}],"collection":[{"href":"https:\/\/terasun.jp\/vi\/wp-json\/wp\/v2\/pages"}],"about":[{"href":"https:\/\/terasun.jp\/vi\/wp-json\/wp\/v2\/types\/page"}],"author":[{"embeddable":true,"href":"https:\/\/terasun.jp\/vi\/wp-json\/wp\/v2\/users\/2"}],"replies":[{"embeddable":true,"href":"https:\/\/terasun.jp\/vi\/wp-json\/wp\/v2\/comments?post=3016"}],"version-history":[{"count":27,"href":"https:\/\/terasun.jp\/vi\/wp-json\/wp\/v2\/pages\/3016\/revisions"}],"predecessor-version":[{"id":6272,"href":"https:\/\/terasun.jp\/vi\/wp-json\/wp\/v2\/pages\/3016\/revisions\/6272"}],"wp:featuredmedia":[{"embeddable":true,"href":"https:\/\/terasun.jp\/vi\/wp-json\/wp\/v2\/media\/6028"}],"wp:attachment":[{"href":"https:\/\/terasun.jp\/vi\/wp-json\/wp\/v2\/media?parent=3016"}],"curies":[{"name":"wp","href":"https:\/\/api.w.org\/{rel}","templated":true}]}}