{"id":1252,"date":"2025-10-04T13:32:00","date_gmt":"2025-10-04T13:32:00","guid":{"rendered":"http:\/\/localhost\/bentol\/?page_id=1252"},"modified":"2025-12-11T03:49:12","modified_gmt":"2025-12-10T18:49:12","slug":"about-us","status":"publish","type":"page","link":"https:\/\/terasun.jp\/vi\/about-us\/","title":{"rendered":"Gi\u1edbi thi\u1ec7u"},"content":{"rendered":"<div data-elementor-type=\"wp-page\" data-elementor-id=\"1252\" class=\"elementor elementor-1252\" data-elementor-post-type=\"page\">\n\t\t\t\t<div class=\"elementor-element elementor-element-6787274 e-con-full e-flex e-con e-parent\" data-id=\"6787274\" data-element_type=\"container\">\n\t\t\t\t<div class=\"elementor-element elementor-element-122bdda elementor-widget elementor-widget-intro\" data-id=\"122bdda\" data-element_type=\"widget\" data-widget_type=\"intro.default\">\n\t\t\t\t<div class=\"elementor-widget-container\">\n\t\t\t\t\t\n        <div class=\"image-text-section-wrapper image-left\">\n                            <div class=\"image-text-section-shape\">\n                    <img decoding=\"async\" src=\"https:\/\/terasun.jp\/wp-content\/uploads\/2025\/10\/home4-shape01-1.png\" alt=\"Decorative Shape\" title=\"\">\n                <\/div>\n                        <div class=\"container\">\n                <div class=\"image-text-section-image\">\n                    <img decoding=\"async\" src=\"http:\/\/terasun.jp\/wp-content\/uploads\/2025\/10\/Thumbnail-1-Hiroshima-Day-Trip.jpg\" alt=\"\u7d4c\u55b6\u7406\u5ff5\" title=\"\">\n                <\/div>\n                <div class=\"image-text-section-content\">\n                                            <div class=\"image-text-section-label\">\n                            <span class=\"image-text-section-label-icon\">\n                                <i aria-hidden=\"true\" class=\"fas fa-star\"><\/i>                            <\/span>\n                            <span class=\"image-text-section-label-text\">C\u00f4ng ty TNHH TERASUN<\/span>\n                        <\/div>\n                    \n                                            <h2 class=\"image-text-section-heading\">\u0110\u1ecbnh h\u01b0\u1edbng qu\u1ea3n tr\u1ecb doanh nghi\u1ec7p<\/h2>\n                    \n                                            <div class=\"image-text-section-description\"><p style=\"font-size: 14pt\"><br \/>\u201cC\u00f9ng s\u00e1ng t\u1ea1o, c\u00f9ng s\u1ebb chia, c\u00f9ng ki\u1ebfn t\u1ea1o t\u01b0\u01a1ng lai\u201d<br \/>T\u1eeb Hiroshima v\u01b0\u01a1n ra th\u1ebf gi\u1edbi.\nCh\u00fang t\u00f4i k\u1ebft n\u1ed1i nhi\u1ec1u doanh nghi\u1ec7p \u0111a d\u1ea1ng, x\u00e2y d\u1ef1ng m\u1ed9t c\u01a1 ch\u1ebf n\u01a1i con ng\u01b0\u1eddi v\u00e0 doanh nghi\u1ec7p c\u00f9ng ph\u00e1t tri\u1ec3n, \u0111\u1ed3ng th\u1eddi \u0111\u1ec3 l\u1ea1i m\u1ed9t x\u00e3 h\u1ed9i b\u1ec1n v\u1eefng cho c\u00e1c th\u1ebf h\u1ec7 mai sau.<\/p><\/div>\n                    \n                                    <\/div>\n            <\/div>\n        <\/div>\n\n        \t\t\t\t<\/div>\n\t\t\t\t<\/div>\n\t\t\t\t<\/div>\n\t\t<div class=\"elementor-element elementor-element-190355c e-con-full e-flex e-con e-parent\" data-id=\"190355c\" data-element_type=\"container\">\n\t\t\t\t<div class=\"elementor-element elementor-element-7ea43b5 elementor-widget elementor-widget-bentol-mission\" data-id=\"7ea43b5\" data-element_type=\"widget\" data-widget_type=\"bentol-mission.default\">\n\t\t\t\t<div class=\"elementor-widget-container\">\n\t\t\t\t\t   \r\n        <section class=\"mission-section space bg-white\">\r\n            <div class=\"container\">\r\n                <div class=\"title-area three text-center\">\r\n                    <div class=\"sub-title\">\r\n                                            <\/div>\r\n                    <h2 class=\"sec-title\"><\/h2>\r\n                <\/div>\r\n                <div class=\"row gy-30\">\r\n                                            <div class=\"col-lg-6 col-md-6 wow fadeInLeft\">\r\n                            <div class=\"mission-single-box bg-theme3\">\r\n\r\n                                                                    <div class=\"p-top-right wow slideInRight\">\r\n                                        <img decoding=\"async\" src=\"http:\/\/terasun.jp\/wp-content\/uploads\/2025\/02\/home4-shape01-1.png\" alt=\"image\" title=\"\">\r\n                                    <\/div>\r\n                                 \r\n\r\n                                <div class=\"mission-content\">\r\n                                    <h3 class=\"title\">S\u1ee9 m\u1ec7nh<\/h3>\r\n                                    <p class=\"text\">L\u1ea5y Hiroshima l\u00e0m trung t\u00e2m, ch\u00fang t\u00f4i k\u1ebft n\u1ed1i c\u00e1c doanh nghi\u1ec7p v\u01b0\u1ee3t qua m\u1ecdi l\u0129nh v\u1ef1c v\u00e0 t\u1ea1o ra nh\u1eefng c\u01a1 h\u1ed9i th\u1eed th\u00e1ch m\u1edbi th\u00f4ng qua t\u0103ng tr\u01b0\u1edfng v\u00e0 ph\u00e2n ph\u1ed1i c\u00f4ng b\u1eb1ng.\nT\u1eadn d\u1ee5ng s\u1ef1 linh ho\u1ea1t c\u1ee7a m\u00f4 h\u00ecnh c\u00f4ng ty Godo Kaisha (t\u01b0\u01a1ng \u0111\u01b0\u01a1ng LLC), ch\u00fang t\u00f4i chia s\u1ebb l\u1ee3i nhu\u1eadn m\u1ed9t c\u00e1ch c\u00f4ng b\u1eb1ng v\u1edbi nh\u00e2n vi\u00ean v\u00e0 c\u00e1c c\u1ed9ng s\u1ef1, nu\u00f4i d\u01b0\u1ee1ng ngu\u1ed3n l\u1ef1c \u0111\u00f3 th\u00e0nh nh\u1eefng \u201ch\u1ea1t gi\u1ed1ng\u201d cho c\u00e1c d\u1ef1 \u00e1n kinh doanh ti\u1ebfp theo.<\/p>\r\n\r\n                                                                    <\/div>\r\n\r\n                                                                    <div class=\"mission-image p-bottom-right\">\r\n                                        <img decoding=\"async\" src=\"http:\/\/terasun.jp\/wp-content\/uploads\/2025\/12\/logo-terasun-copy.png\" alt=\"image\" title=\"\">\r\n                                    <\/div>\r\n                                 \r\n                                \r\n                            <\/div>\r\n                        <\/div>\r\n                                            <div class=\"col-lg-6 col-md-6 wow fadeInLeft\">\r\n                            <div class=\"mission-single-box bg-light2\">\r\n\r\n                                                                    <div class=\"p-top-right wow slideInRight\">\r\n                                        <img decoding=\"async\" src=\"http:\/\/terasun.jp\/wp-content\/uploads\/2025\/02\/home4-shape01-1.png\" alt=\"image\" title=\"\">\r\n                                    <\/div>\r\n                                 \r\n\r\n                                <div class=\"mission-content\">\r\n                                    <h3 class=\"title\">T\u1ea7m nh\u00ecn<\/h3>\r\n                                    <p class=\"text\">\u201cV\u1edbi t\u01b0 c\u00e1ch l\u00e0 m\u1ed9t c\u00f4ng ty m\u1eb9 (holding company) c\u00f3 tr\u1ee5 s\u1edf t\u1ea1i Hiroshima, ch\u00fang t\u00f4i h\u01b0\u1edbng \u0111\u1ebfn vi\u1ec7c tr\u1edf th\u00e0nh m\u1ed9t \u2018n\u1ec1n t\u1ea3ng t\u1ed5ng h\u1ee3p\u2019 t\u1eadp h\u1ee3p h\u01a1n 30 c\u00f4ng ty.\u201d B\u1eb1ng c\u00e1ch k\u1ebft n\u1ed1i c\u00e1c doanh nghi\u1ec7p \u0111a d\u1ea1ng v\u01b0\u1ee3t qua ranh gi\u1edbi \u0111\u1ecba ph\u01b0\u01a1ng, ng\u00e0nh ngh\u1ec1 v\u00e0 qu\u1ed1c gia, ch\u00fang t\u00f4i hi\u1ec7n th\u1ef1c h\u00f3a m\u1ed9t \u201ct\u1eadp \u0111o\u00e0n doanh nghi\u1ec7p th\u1ebf h\u1ec7 m\u1edbi\u201d c\u00f3 kh\u1ea3 n\u0103ng th\u1eed s\u1ee9c v\u1edbi b\u1ea5t k\u1ef3 l\u0129nh v\u1ef1c kinh doanh n\u00e0o.<\/p>\r\n\r\n                                                                    <\/div>\r\n\r\n                                                                    <div class=\"mission-image p-bottom-right\">\r\n                                        <img decoding=\"async\" src=\"http:\/\/terasun.jp\/wp-content\/uploads\/2025\/12\/logo-terasun-copy.png\" alt=\"image\" title=\"\">\r\n                                    <\/div>\r\n                                 \r\n                                \r\n                            <\/div>\r\n                        <\/div>\r\n                     \r\n                 <\/div>\r\n            <\/div>\r\n        <\/section>\r\n\r\n        \t\t\t\t<\/div>\n\t\t\t\t<\/div>\n\t\t<div class=\"elementor-element elementor-element-1375ec2 e-con-full elementor-hidden-desktop elementor-hidden-tablet elementor-hidden-mobile e-flex e-con e-child\" data-id=\"1375ec2\" data-element_type=\"container\">\n\t\t\t\t<div class=\"elementor-element elementor-element-db90dbb elementor-widget elementor-widget-bentol-process\" data-id=\"db90dbb\" data-element_type=\"widget\" data-widget_type=\"bentol-process.default\">\n\t\t\t\t<div class=\"elementor-widget-container\">\n\t\t\t\t\t\r\n        <section class=\"process-section space bg-white style-1 overflow-hidden\">\r\n            <div class=\"container\">\r\n                <div class=\"title-area three text-center\">\r\n                    <div class=\"sub-title\">\r\n                                                    <span><i class=\"asterisk\"><\/i><\/span>SIMPLE PROCESS                                            <\/div>\r\n                    <h2 class=\"sec-title\">Finished task follow <span class=\"bold\">the process<\/span><\/h2>\r\n                <\/div>\r\n\r\n                <div class=\"row gy-30\">\r\n                                            <div class=\"col-lg-4 col-md-6 col-sm-6 wow fadeInLeft\">\r\n                            <div class=\"process-single-box br-10\">\r\n                                <div class=\"inner-box\">\r\n                                    <div class=\"header\">\r\n                                        <div class=\"icon\">\r\n                                                                                            <img decoding=\"async\" src=\"https:\/\/bentol.themevally.com\/wp-content\/uploads\/2024\/11\/icon-comercial.png\" alt=\"Icon\" title=\"\">\r\n                                                                                    <\/div> \r\n                                        <h4 class=\"title m-0\">S\u1ee9 m\u1ec7nh<\/h4>\r\n                                    <\/div>\r\n                                    <p class=\"text\">\u300c\u5e83\u5cf6\u3092\u62e0\u70b9\u306b\u3001\u696d\u7a2e\u3092\u8d8a\u3048\u3066\u4f01\u696d\u3092\u7d50\u96c6\u3057\u3001\u6210\u9577\u3068\u5206\u914d\u3092\u901a\u3058\u3066\u65b0\u305f\u306a\u6311\u6226\u3092\u751f\u307f\u51fa\u3059\u300d\u5408\u540c\u4f1a\u793e\u3068\u3044\u3046\u67d4\u8edf\u306a\u4ed5\u7d44\u307f\u3092\u6d3b\u304b\u3057\u3001\u5229\u76ca\u3092\u793e\u54e1\u30fb\u4ef2\u9593\u3068\u516c\u5e73\u306b\u5206\u304b\u3061\u5408\u3044\u3001\u6b21\u306e\u4e8b\u696d\u306e\u7a2e\u306b\u80b2\u3066\u3066\u3044\u304d\u307e\u3059\u3002\n<\/p>\r\n                                    <div class=\"box-footer\">\r\n                                        <div class=\"box-count\">\r\n                                            <span><br \/>\n<br \/>\nMission<\/span>\r\n                                        <\/div>\r\n                                    <\/div>\r\n                                <\/div>\r\n                            <\/div>  \r\n                        <\/div>\r\n                                            <div class=\"col-lg-4 col-md-6 col-sm-6 wow fadeInLeft\">\r\n                            <div class=\"process-single-box br-10 current\">\r\n                                <div class=\"inner-box\">\r\n                                    <div class=\"header\">\r\n                                        <div class=\"icon\">\r\n                                                                                            <img decoding=\"async\" src=\"https:\/\/bentol.themevally.com\/wp-content\/uploads\/2024\/11\/icon-infomsg.png\" alt=\"Icon\" title=\"\">\r\n                                                                                    <\/div> \r\n                                        <h4 class=\"title m-0\">\u0110\u1ecbnh h\u01b0\u1edbng qu\u1ea3n tr\u1ecb doanh nghi\u1ec7p<\/h4>\r\n                                    <\/div>\r\n                                    <p class=\"text\">\u201cC\u00f9ng s\u00e1ng t\u1ea1o, c\u00f9ng s\u1ebb chia, c\u00f9ng ki\u1ebfn t\u1ea1o t\u01b0\u01a1ng lai\u201d<br>\nT\u1eeb Hiroshima v\u01b0\u01a1n ra th\u1ebf gi\u1edbi.\nCh\u00fang t\u00f4i k\u1ebft n\u1ed1i nhi\u1ec1u doanh nghi\u1ec7p \u0111a d\u1ea1ng, x\u00e2y d\u1ef1ng m\u1ed9t c\u01a1 ch\u1ebf n\u01a1i con ng\u01b0\u1eddi v\u00e0 doanh nghi\u1ec7p c\u00f9ng ph\u00e1t tri\u1ec3n, \u0111\u1ed3ng th\u1eddi \u0111\u1ec3 l\u1ea1i m\u1ed9t x\u00e3 h\u1ed9i b\u1ec1n v\u1eefng cho c\u00e1c th\u1ebf h\u1ec7 mai sau.<\/p>\r\n                                    <div class=\"box-footer\">\r\n                                        <div class=\"box-count\">\r\n                                            <span>Philosophy<\/span>\r\n                                        <\/div>\r\n                                    <\/div>\r\n                                <\/div>\r\n                            <\/div>  \r\n                        <\/div>\r\n                                            <div class=\"col-lg-4 col-md-6 col-sm-6 wow fadeInLeft\">\r\n                            <div class=\"process-single-box br-10\">\r\n                                <div class=\"inner-box\">\r\n                                    <div class=\"header\">\r\n                                        <div class=\"icon\">\r\n                                                                                            <img decoding=\"async\" src=\"https:\/\/bentol.themevally.com\/wp-content\/uploads\/2024\/11\/icon-finished.png\" alt=\"Icon\" title=\"\">\r\n                                                                                    <\/div> \r\n                                        <h4 class=\"title m-0\">T\u1ea7m nh\u00ecn<\/h4>\r\n                                    <\/div>\r\n                                    <p class=\"text\">\u201cV\u1edbi t\u01b0 c\u00e1ch l\u00e0 m\u1ed9t c\u00f4ng ty m\u1eb9 (holding company) c\u00f3 tr\u1ee5 s\u1edf t\u1ea1i Hiroshima, ch\u00fang t\u00f4i h\u01b0\u1edbng \u0111\u1ebfn vi\u1ec7c tr\u1edf th\u00e0nh m\u1ed9t \u2018n\u1ec1n t\u1ea3ng t\u1ed5ng h\u1ee3p\u2019 t\u1eadp h\u1ee3p h\u01a1n 30 c\u00f4ng ty.\u201d B\u1eb1ng c\u00e1ch k\u1ebft n\u1ed1i c\u00e1c doanh nghi\u1ec7p \u0111a d\u1ea1ng v\u01b0\u1ee3t qua ranh gi\u1edbi \u0111\u1ecba ph\u01b0\u01a1ng, ng\u00e0nh ngh\u1ec1 v\u00e0 qu\u1ed1c gia, ch\u00fang t\u00f4i hi\u1ec7n th\u1ef1c h\u00f3a m\u1ed9t \u201ct\u1eadp \u0111o\u00e0n doanh nghi\u1ec7p th\u1ebf h\u1ec7 m\u1edbi\u201d c\u00f3 kh\u1ea3 n\u0103ng th\u1eed s\u1ee9c v\u1edbi b\u1ea5t k\u1ef3 l\u0129nh v\u1ef1c kinh doanh n\u00e0o.<\/p>\r\n                                    <div class=\"box-footer\">\r\n                                        <div class=\"box-count\">\r\n                                            <span><br \/>\n<br \/>\nVision<\/span>\r\n                                        <\/div>\r\n                                    <\/div>\r\n                                <\/div>\r\n                            <\/div>  \r\n                        <\/div>\r\n                                    <\/div>\r\n            <\/div>\r\n        <\/section>\r\n\r\n\r\n        \t\t\t\t<\/div>\n\t\t\t\t<\/div>\n\t\t\t\t<\/div>\n\t\t\t\t<\/div>\n\t\t<div class=\"elementor-element elementor-element-bae13cf e-con-full e-flex e-con e-parent\" data-id=\"bae13cf\" data-element_type=\"container\">\n\t\t\t\t<div class=\"elementor-element elementor-element-ecc0826 elementor-widget elementor-widget-bentol-process-three\" data-id=\"ecc0826\" data-element_type=\"widget\" data-widget_type=\"bentol-process-three.default\">\n\t\t\t\t<div class=\"elementor-widget-container\">\n\t\t\t\t\t        \r\n        <section class=\"process-section style-3 space bg-light2\">\r\n            <div class=\"container\">\r\n                <div class=\"title-area three text-center\">\r\n                    <div class=\"sub-title\">\r\n                                            <\/div>\r\n                    <h2 class=\"sec-title\">Gi\u00e1 tr\u1ecb c\u1ed1t l\u00f5i<\/h2>\r\n                <\/div>\r\n                <div class=\"row\">\r\n                    <div class=\"col-lg-12\">\r\n                        <div class=\"process-all\">\r\n                            \r\n                                                                                            <div class=\"process-step\">\r\n                                    <div class=\"serial\">C\u1ed9ng s\u00e1ng t\u1ea1o<\/div>\r\n                                    <div class=\"line\">\r\n                                        <div class=\"circle\"><\/div>\r\n                                        <div class=\"line-long\"><i class=\"line-long-arrow\"><\/i><\/div>\r\n                                    <\/div>\r\n                                    <div class=\"content\">\r\n                                        <h4 class=\"title\"><\/h4>\r\n                                        <p class=\"text mb-0\">Connect different industries and cultures to create value together.<\/p>\r\n                                    <\/div>\r\n                                <\/div>\r\n                                                                                                                            <div class=\"process-step\">\r\n                                    <div class=\"serial\">Th\u00e1ch th\u1ee9c<\/div>\r\n                                    <div class=\"line\">\r\n                                        <div class=\"circle\"><\/div>\r\n                                        <div class=\"line-long\"><i class=\"line-long-arrow\"><\/i><\/div>\r\n                                    <\/div>\r\n                                    <div class=\"content\">\r\n                                        <h4 class=\"title\"><\/h4>\r\n                                        <p class=\"text mb-0\">D\u00e1m d\u1ea5n th\u00e2n v\u00e0o c\u00e1c d\u1ef1 \u00e1n v\u00e0 c\u01a1 ch\u1ebf m\u1edbi m\u00e0 kh\u00f4ng s\u1ee3 th\u1ea5t b\u1ea1i.<\/p>\r\n                                    <\/div>\r\n                                <\/div>\r\n                                                                                                                            <div class=\"process-step\">\r\n                                    <div class=\"serial\">Ph\u00e2n chia<\/div>\r\n                                    <div class=\"line\">\r\n                                        <div class=\"circle\"><\/div>\r\n                                        <div class=\"line-long\"><i class=\"line-long-arrow\"><\/i><\/div>\r\n                                    <\/div>\r\n                                    <div class=\"content\">\r\n                                        <h4 class=\"title\"><\/h4>\r\n                                        <p class=\"text mb-0\">Chia s\u1ebb th\u00e0nh qu\u1ea3 v\u1edbi m\u1ecdi ng\u01b0\u1eddi v\u00e0 d\u00f9ng l\u00e0m c\u01a1 s\u1edf cho c\u00e1c kho\u1ea3n \u0111\u1ea7u t\u01b0 m\u1edbi.<\/p>\r\n                                    <\/div>\r\n                                <\/div>\r\n                                                                                                                            <div class=\"process-step\">\r\n                                    <div class=\"serial\">\u0110\u00e0o t\u1ea1o<\/div>\r\n                                    <div class=\"line\">\r\n                                        <div class=\"circle\"><\/div>\r\n                                        <div class=\"line-long\"><i class=\"line-long-arrow\"><\/i><\/div>\r\n                                    <\/div>\r\n                                    <div class=\"content\">\r\n                                        <h4 class=\"title\"><\/h4>\r\n                                        <p class=\"text mb-0\">Nu\u00f4i d\u01b0\u1ee1ng th\u1ebf h\u1ec7 l\u00e3nh \u0111\u1ea1o v\u00e0 nh\u00e2n s\u1ef1 k\u1ebf ti\u1ebfp.<\/p>\r\n                                    <\/div>\r\n                                <\/div>\r\n                                                                                                                            <div class=\"process-step\">\r\n                                    <div class=\"serial\">\u0110\u00f3ng g\u00f3p c\u1ed9ng \u0111\u1ed3ng<\/div>\r\n                                    <div class=\"line\">\r\n                                        <div class=\"circle\"><\/div>\r\n                                        <div class=\"line-long\"><i class=\"line-long-arrow\"><\/i><\/div>\r\n                                    <\/div>\r\n                                    <div class=\"content\">\r\n                                        <h4 class=\"title\"><\/h4>\r\n                                        <p class=\"text mb-0\">L\u1ea5y Hiroshima l\u00e0m trung t\u00e2m, tr\u1edf th\u00e0nh c\u1ea7u n\u1ed1i gi\u1eefa Nh\u1eadt B\u1ea3n v\u00e0 th\u1ebf gi\u1edbi.<\/p>\r\n                                    <\/div>\r\n                                <\/div>\r\n                                                                                        \r\n                        <\/div>\r\n                    <\/div>\r\n                <\/div>\r\n            <\/div>\r\n        <\/section>\r\n\r\n\r\n        \t\t\t\t<\/div>\n\t\t\t\t<\/div>\n\t\t\t\t<\/div>\n\t\t<div class=\"elementor-element elementor-element-e22be6e e-con-full e-flex e-con e-parent\" data-id=\"e22be6e\" data-element_type=\"container\">\n\t\t\t\t<\/div>\n\t\t<div class=\"elementor-element elementor-element-84c8a9b e-flex e-con-boxed e-con e-parent\" data-id=\"84c8a9b\" data-element_type=\"container\" data-settings=\"{&quot;background_background&quot;:&quot;classic&quot;}\">\n\t\t\t\t\t<div class=\"e-con-inner\">\n\t\t\t\t<div class=\"elementor-element elementor-element-755863c elementor-widget elementor-widget-text-editor\" data-id=\"755863c\" data-element_type=\"widget\" data-widget_type=\"text-editor.default\">\n\t\t\t\t\t\t\t\t\t<h3 style=\"text-align: center;\">T\u1ed5ng quan C\u00f4ng ty \u2013 TERASUN LLC<\/h3><p>Trong nh\u1eefng n\u0103m g\u1ea7n \u0111\u00e2y, m\u00f4i tr\u01b0\u1eddng xung quanh Nh\u1eadt B\u1ea3n v\u00e0 \u0110\u00f4ng Nam \u00c1, \u0111\u1eb7c bi\u1ec7t l\u00e0 Vi\u1ec7t Nam, \u0111\u00e3 ph\u1ea3i \u0111\u1ed1i m\u1eb7t v\u1edbi nhi\u1ec1u th\u00e1ch th\u1ee9c, bao g\u1ed3m thi\u00ean tai, s\u1ef1 l\u00e2y lan c\u1ee7a COVID-19, v\u00e0 suy gi\u1ea3m t\u00e0i ch\u00ednh do t\u0103ng tr\u01b0\u1edfng kinh t\u1ebf nhanh ch\u00f3ng.<br \/>Ch\u00fang ta \u0111ang \u0111\u1ed1i m\u1eb7t v\u1edbi nhi\u1ec1u kh\u00f3 kh\u0103n. H\u1ec7 qu\u1ea3 l\u00e0 c\u00e1c v\u1ea5n \u0111\u1ec1 nh\u01b0 kho\u1ea3ng c\u00e1ch gi\u00e0u ngh\u00e8o ng\u00e0y c\u00e0ng t\u0103ng v\u00e0 t\u1ef7 l\u1ec7 th\u1ea5t nghi\u1ec7p cao \u0111\u00e3 tr\u1edf th\u00e0nh nh\u1eefng v\u1ea5n \u0111\u1ec1 x\u00e3 h\u1ed9i l\u1edbn, kh\u00f4ng ch\u1ec9 \u1edf Nh\u1eadt B\u1ea3n m\u00e0 c\u00f2n tr\u00ean to\u00e0n th\u1ebf gi\u1edbi v\u00e0 \u1edf \u0110\u00f4ng Nam \u00c1, \u0111\u1eb7c bi\u1ec7t l\u00e0 t\u1ea1i Vi\u1ec7t Nam.<br \/>\u0110\u00e3 tr\u1edf th\u00e0nh m\u1ed9t v\u1ea5n \u0111\u1ec1 x\u00e3 h\u1ed9i l\u1edbn.<\/p><p>\u0110\u00e3 \u0111\u1ebfn l\u00fac ph\u1ea3i nh\u00ecn nh\u1eadn l\u1ea1i t\u1eeb g\u1ed1c r\u1ec5 c\u00e1c gi\u00e1 tr\u1ecb v\u00e0 c\u01a1 ch\u1ebf hi\u1ec7n c\u00f3, v\u00e0 m\u1edf ra m\u1ed9t k\u1ef7 nguy\u00ean m\u1edbi. C\u00f4ng ty TERASUN, trong giai \u0111o\u1ea1n quan tr\u1ecdng n\u00e0y, t\u1eadn d\u1ee5ng kinh nghi\u1ec7m v\u00e0 n\u0103ng l\u1ef1c t\u00edch l\u0169y \u0111\u01b0\u1ee3c \u0111\u1ec3 \u0111\u1ea3m nh\u1eadn vai tr\u00f2 k\u1ebft n\u1ed1i n\u1ec1n kinh t\u1ebf c\u1ee7a Hiroshima, Vi\u1ec7t Nam, \u0110\u00f4ng Nam \u00c1 v\u00e0 to\u00e0n c\u1ea7u v\u1edbi th\u1ebf h\u1ec7 k\u1ebf ti\u1ebfp.<\/p><p>T\u1ea1i Hiroshima, Nh\u1eadt B\u1ea3n, \u0110\u00f4ng Nam \u00c1 v\u00e0 \u0111\u1eb7c bi\u1ec7t l\u00e0 Vi\u1ec7t Nam, n\u01a1i c\u00f3 m\u1ed1i quan h\u1ec7 m\u1eadt thi\u1ebft, vi\u1ec7c t\u00e1i c\u1ea5u tr\u00fac n\u1ec1n kinh t\u1ebf, th\u00fac \u0111\u1ea9y th\u01b0\u01a1ng m\u1ea1i qu\u1ed1c t\u1ebf, thu h\u00fat nh\u00e0 m\u00e1y, \u0111\u1ed3ng th\u1eddi tri\u1ec3n khai vi\u1ec7c ph\u00e2n b\u1ed5 v\u00e0 \u0111\u00e0o t\u1ea1o nh\u00e2n l\u1ef1c l\u00e0 v\u00f4 c\u00f9ng c\u1ea5p thi\u1ebft. Nh\u1eadt B\u1ea3n v\u00e0 Vi\u1ec7t Nam c\u00f3 m\u1ed1i quan h\u1ec7 h\u1eefu ngh\u1ecb, v\u00e0 trong t\u01b0\u01a1ng lai c\u1ea7n ti\u1ebfp t\u1ee5c x\u00e2y d\u1ef1ng s\u1ef1 h\u1ee3p t\u00e1c s\u00e2u r\u1ed9ng h\u01a1n.<\/p><p>C\u00f4ng ty TERASUN h\u01b0\u1edbng t\u1edbi vi\u1ec7c ph\u00e1t tri\u1ec3n c\u00e1c nh\u00e0 qu\u1ea3n l\u00fd tr\u1ebb v\u00e0 h\u1ed7 tr\u1ee3 c\u00e1c bi\u1ec7n ph\u00e1p t\u1ea1o vi\u1ec7c l\u00e0m th\u00f4ng qua th\u01b0\u01a1ng m\u1ea1i v\u00e0 ho\u1ea1t \u0111\u1ed9ng kinh t\u1ebf v\u1edbi nhi\u1ec1u qu\u1ed1c gia, c\u00f9ng v\u1edbi vi\u1ec7c gi\u00e1o d\u1ee5c, \u0111\u00e0o t\u1ea1o v\u00e0 c\u1eed nh\u00e2n l\u1ef1c. H\u01a1n n\u1eefa, ch\u00fang t\u00f4i th\u00fac \u0111\u1ea9y \u201cph\u00e1t tri\u1ec3n con ng\u01b0\u1eddi \u0111\u1ea7y t\u00e2m huy\u1ebft\u201d k\u1ebft n\u1ed1i con ng\u01b0\u1eddi v\u1edbi nhau, \u0111\u1ed3ng th\u1eddi \u0111\u00f3ng g\u00f3p v\u00e0o vi\u1ec7c th\u00fac \u0111\u1ea9y kinh t\u1ebf t\u1ea1i Hiroshima, Nh\u1eadt B\u1ea3n, c\u00e1c qu\u1ed1c gia \u0110\u00f4ng Nam \u00c1 v\u00e0 to\u00e0n c\u1ea7u.<\/p><p>Ch\u00fang t\u00f4i quy\u1ebft t\u00e2m ti\u1ebfn b\u01b0\u1edbc m\u1ea1nh m\u1ebd h\u01b0\u1edbng t\u1edbi t\u01b0\u01a1ng lai. Ch\u00fang t\u00f4i ch\u00e2n th\u00e0nh mong nh\u1eadn \u0111\u01b0\u1ee3c s\u1ef1 ch\u1ec9 d\u1eabn, \u0111\u1ed9ng vi\u00ean v\u00e0 h\u1ee3p t\u00e1c t\u1eeb qu\u00fd v\u1ecb.<\/p><p><strong>C\u00f4ng ty TNHH TERASUN <\/strong><br \/><strong>\u0110\u1ea1i di\u1ec7n th\u00e0nh vi\u00ean ki\u00eam Ch\u1ee7 t\u1ecbch <\/strong><br \/><strong>Teranishi Koichi<\/strong><\/p>\t\t\t\t\t\t\t\t<\/div>\n\t\t\t\t\t<\/div>\n\t\t\t\t<\/div>\n\t\t\t\t<\/div>","protected":false},"excerpt":{"rendered":"<p>\u5408\u540c\u4f1a\u793e TERASUN \u7d4c\u55b6\u7406\u5ff5 \u300c\u5171\u306b\u5275\u308a\u3001\u5171\u306b\u5206\u304b\u3061\u5408\u3044\u3001\u5171\u306b\u672a\u6765\u3092\u7bc9\u304f\u300d\u5e83\u5cf6\u304b\u3089\u4e16\u754c\u3078\u3002\u591a\u69d8\u306a\u4f01\u696d\u3092\u675f <\/p>","protected":false},"author":2,"featured_media":5830,"parent":0,"menu_order":0,"comment_status":"closed","ping_status":"closed","template":"","meta":{"_acf_changed":false,"footnotes":""},"class_list":["post-1252","page","type-page","status-publish","has-post-thumbnail","hentry"],"acf":[],"_links":{"self":[{"href":"https:\/\/terasun.jp\/vi\/wp-json\/wp\/v2\/pages\/1252","targetHints":{"allow":["GET"]}}],"collection":[{"href":"https:\/\/terasun.jp\/vi\/wp-json\/wp\/v2\/pages"}],"about":[{"href":"https:\/\/terasun.jp\/vi\/wp-json\/wp\/v2\/types\/page"}],"author":[{"embeddable":true,"href":"https:\/\/terasun.jp\/vi\/wp-json\/wp\/v2\/users\/2"}],"replies":[{"embeddable":true,"href":"https:\/\/terasun.jp\/vi\/wp-json\/wp\/v2\/comments?post=1252"}],"version-history":[{"count":130,"href":"https:\/\/terasun.jp\/vi\/wp-json\/wp\/v2\/pages\/1252\/revisions"}],"predecessor-version":[{"id":6393,"href":"https:\/\/terasun.jp\/vi\/wp-json\/wp\/v2\/pages\/1252\/revisions\/6393"}],"wp:featuredmedia":[{"embeddable":true,"href":"https:\/\/terasun.jp\/vi\/wp-json\/wp\/v2\/media\/5830"}],"wp:attachment":[{"href":"https:\/\/terasun.jp\/vi\/wp-json\/wp\/v2\/media?parent=1252"}],"curies":[{"name":"wp","href":"https:\/\/api.w.org\/{rel}","templated":true}]}}