{"id":1196,"date":"2025-10-04T07:35:00","date_gmt":"2025-10-03T22:35:00","guid":{"rendered":"http:\/\/localhost\/bentol\/?page_id=1196"},"modified":"2025-12-11T03:49:33","modified_gmt":"2025-12-10T18:49:33","slug":"services","status":"publish","type":"page","link":"https:\/\/terasun.jp\/vi\/services\/","title":{"rendered":"K\u1ebft n\u1ed1i"},"content":{"rendered":"<div data-elementor-type=\"wp-page\" data-elementor-id=\"1196\" class=\"elementor elementor-1196\" data-elementor-post-type=\"page\">\n\t\t\t\t<div class=\"elementor-element elementor-element-5398930 e-con-full e-flex e-con e-parent\" data-id=\"5398930\" data-element_type=\"container\">\n\t\t\t\t<div class=\"elementor-element elementor-element-86e3f64 elementor-widget elementor-widget-bentol_service_six\" data-id=\"86e3f64\" data-element_type=\"widget\" data-widget_type=\"bentol_service_six.default\">\n\t\t\t\t<div class=\"elementor-widget-container\">\n\t\t\t\t\t\t\t<section class=\"service-section style-6 bg-white space overflow-hidden\">\r\n\t\t\t<div class=\"container\">\r\n\t\t\t\t\t\t\t\t<div class=\"row\">\r\n\t\t\t\t\t<div class=\"col-lg-12\">\r\n\t\t\t\t\t\t<div class=\"service-title-area d-flex justify-content-between sm-flex-column sm-mb-30\">\r\n\t\t\t\t\t\t\t<div class=\"title-area dark three\">\r\n\t\t\t\t\t\t\t\t\t\t\t\t\t\t\t\t\t<div class=\"sub-title\">\r\n\t\t\t\t\t\t\t\t\t\t<span><i class=\"asterisk\"><\/i><\/span>\r\n\t\t\t\t\t\t\t\t\t\t\u0110\u1ea7u t\u01b0 v\u00e0 T\u00e1i \u0111\u1ea7u t\u01b0\t\t\t\t\t\t\t\t\t<\/div>\r\n\t\t\t\t\t\t\t\t\t\t\t\t\t\t\t\t\t\t\t\t\t\t\t\t\t<h2 class=\"sec-title mb-0\">\r\n\t\t\t\t\t\t\t\t\t\tK\u1ebft n\u1ed1i\t\t\t\t\t\t\t\t\t<\/h2>\r\n\t\t\t\t\t\t\t\t\t\t\t\t\t\t\t<\/div>\r\n\t\t\t\t\t\t\t\t\t\t\t\t\t\t<div class=\"service-btn sm-justify-content-start\">\r\n\t\t\t\t\t\t\t\t<a href=\"\" class=\"theme-btn bg-transparent\">\r\n\t\t\t\t\t\t\t\t\t<span class=\"link-effect\">\r\n\t\t\t\t\t\t\t\t\t\t<span class=\"effect-1\"><\/span>\r\n\t\t\t\t\t\t\t\t\t\t<span class=\"effect-1\"><\/span>\r\n\t\t\t\t\t\t\t\t\t<\/span><i class=\"fa-regular fa-arrow-right-long\"><\/i>\r\n\t\t\t\t\t\t\t\t<\/a>\r\n\t\t\t\t\t\t\t<\/div>\r\n\t\t\t\t\t\t\t\t\t\t\t\t\t<\/div>\r\n\t\t\t\t\t<\/div>\r\n\t\t\t\t<\/div>\r\n\t\t\t\t\t\t\t\t\t\t\t\t<div class=\"row\">\r\n\t\t\t\t\t<div class=\"col-lg-12\">\r\n\t\t\t\t\t\t<div class=\"service-wrapper\">\r\n\t\t\t\t\t\t\t\t\t\t\t\t\t\t\t<div class=\"service-single-item\">\r\n\t\t\t\t\t\t\t\t\t<div class=\"item-left\">\r\n\t\t\t\t\t\t\t\t\t\t\t\t\t\t\t\t\t\t\t\t\t<div class=\"image\">\r\n\t\t\t\t\t\t\t\t\t\t\t\t<img decoding=\"async\" width=\"280\" height=\"160\" src=\"https:\/\/terasun.jp\/wp-content\/uploads\/2025\/10\/terasun-2.jpg\" class=\"attachment-full size-full\" alt=\"\u7d4c\u6e08\u6d3b\u6027\u5316\" title=\"\">\t\t\t\t\t\t\t\t\t\t\t<\/div>\r\n\t\t\t\t\t\t\t\t\t\t\r\n\t\t\t\t\t\t\t\t\t\t<div class=\"item-wrap\">\r\n\t\t\t\t\t\t\t\t\t\t\t\t\t\t\t\t\t\t\t\t\t\t\t<div class=\"icon\">\r\n\t\t\t\t\t\t\t\t\t\t\t\t\t<img decoding=\"async\" width=\"30\" height=\"30\" src=\"https:\/\/terasun.jp\/wp-content\/uploads\/2025\/10\/terusun-icon5.png\" class=\"attachment-full size-full\" alt=\"\u7d4c\u6e08\u6d3b\u6027\u5316\" title=\"\">\t\t\t\t\t\t\t\t\t\t\t\t<\/div>\r\n\t\t\t\t\t\t\t\t\t\t\t\r\n\t\t\t\t\t\t\t\t\t\t\t<h3 class=\"text\">\r\n\t\t\t\t\t\t\t\t\t\t\t\t<a href=\"\"  >\r\n\t\t\t\t\t\t\t\t\t\t\t\t\tTh\u00fac \u0111\u1ea9y kinh t\u1ebf\t\t\t\t\t\t\t\t\t\t\t\t<\/a>\r\n\t\t\t\t\t\t\t\t\t\t\t<\/h3>\r\n\t\t\t\t\t\t\t\t\t\t<\/div>\r\n\t\t\t\t\t\t\t\t\t<\/div>\r\n\r\n\t\t\t\t\t\t\t\t\t<div class=\"item-right\">\r\n\t\t\t\t\t\t\t\t\t\t<div class=\"item-right-inner\">\r\n\t\t\t\t\t\t\t\t\t\t\t\t\t\t\t\t\t\t\t\t\t\t\t<p>M\u1edf r\u1ed9ng kinh doanh qu\u1ed1c t\u1ebf t\u1eeb Hiroshima \u0111\u1ebfn \u0110\u00f4ng Nam \u00c1.<\/p>\r\n\t\t\t\t\t\t\t\t\t\t\t\r\n\t\t\t\t\t\t\t\t\t\t\t\t\t\t\t\t\t\t\t\t\t<\/div>\r\n\t\t\t\t\t\t\t\t\t<\/div>\r\n\t\t\t\t\t\t\t\t<\/div>\r\n\t\t\t\t\t\t\t\t\t\t\t\t\t\t\t<div class=\"service-single-item\">\r\n\t\t\t\t\t\t\t\t\t<div class=\"item-left\">\r\n\t\t\t\t\t\t\t\t\t\t\t\t\t\t\t\t\t\t\t\t\t<div class=\"image\">\r\n\t\t\t\t\t\t\t\t\t\t\t\t<img decoding=\"async\" width=\"280\" height=\"160\" src=\"https:\/\/terasun.jp\/wp-content\/uploads\/2025\/10\/terasun-4.jpg\" class=\"attachment-full size-full\" alt=\"\u96c7\u7528\u5275\u51fa\" title=\"\">\t\t\t\t\t\t\t\t\t\t\t<\/div>\r\n\t\t\t\t\t\t\t\t\t\t\r\n\t\t\t\t\t\t\t\t\t\t<div class=\"item-wrap\">\r\n\t\t\t\t\t\t\t\t\t\t\t\t\t\t\t\t\t\t\t\t\t\t\t<div class=\"icon\">\r\n\t\t\t\t\t\t\t\t\t\t\t\t\t<img loading=\"lazy\" decoding=\"async\" width=\"32\" height=\"34\" src=\"https:\/\/terasun.jp\/wp-content\/uploads\/2025\/10\/terusun-icon3.png\" class=\"attachment-full size-full\" alt=\"\u96c7\u7528\u5275\u51fa\" title=\"\">\t\t\t\t\t\t\t\t\t\t\t\t<\/div>\r\n\t\t\t\t\t\t\t\t\t\t\t\r\n\t\t\t\t\t\t\t\t\t\t\t<h3 class=\"text\">\r\n\t\t\t\t\t\t\t\t\t\t\t\t<a href=\"\"  >\r\n\t\t\t\t\t\t\t\t\t\t\t\t\tT\u1ea1o vi\u1ec7c l\u00e0m\t\t\t\t\t\t\t\t\t\t\t\t<\/a>\r\n\t\t\t\t\t\t\t\t\t\t\t<\/h3>\r\n\t\t\t\t\t\t\t\t\t\t<\/div>\r\n\t\t\t\t\t\t\t\t\t<\/div>\r\n\r\n\t\t\t\t\t\t\t\t\t<div class=\"item-right\">\r\n\t\t\t\t\t\t\t\t\t\t<div class=\"item-right-inner\">\r\n\t\t\t\t\t\t\t\t\t\t\t\t\t\t\t\t\t\t\t\t\t\t\t<p>Kh\u1edfi t\u1ea1o doanh nghi\u1ec7p m\u1edbi t\u1ea1o vi\u1ec7c l\u00e0m trong v\u00e0 ngo\u00e0i n\u01b0\u1edbc.<\/p>\r\n\t\t\t\t\t\t\t\t\t\t\t\r\n\t\t\t\t\t\t\t\t\t\t\t\t\t\t\t\t\t\t\t\t\t<\/div>\r\n\t\t\t\t\t\t\t\t\t<\/div>\r\n\t\t\t\t\t\t\t\t<\/div>\r\n\t\t\t\t\t\t\t\t\t\t\t\t\t\t\t<div class=\"service-single-item\">\r\n\t\t\t\t\t\t\t\t\t<div class=\"item-left\">\r\n\t\t\t\t\t\t\t\t\t\t\t\t\t\t\t\t\t\t\t\t\t<div class=\"image\">\r\n\t\t\t\t\t\t\t\t\t\t\t\t<img loading=\"lazy\" decoding=\"async\" width=\"280\" height=\"160\" src=\"https:\/\/terasun.jp\/wp-content\/uploads\/2025\/10\/terasun-1.jpg\" class=\"attachment-full size-full\" alt=\"\u7d4c\u55b6\u8005\u80b2\u6210\" title=\"\">\t\t\t\t\t\t\t\t\t\t\t<\/div>\r\n\t\t\t\t\t\t\t\t\t\t\r\n\t\t\t\t\t\t\t\t\t\t<div class=\"item-wrap\">\r\n\t\t\t\t\t\t\t\t\t\t\t\t\t\t\t\t\t\t\t\t\t\t\t<div class=\"icon\">\r\n\t\t\t\t\t\t\t\t\t\t\t\t\t<img loading=\"lazy\" decoding=\"async\" width=\"36\" height=\"35\" src=\"https:\/\/terasun.jp\/wp-content\/uploads\/2025\/10\/terusun-icon2.png\" class=\"attachment-full size-full\" alt=\"\u7d4c\u55b6\u8005\u80b2\u6210\" title=\"\">\t\t\t\t\t\t\t\t\t\t\t\t<\/div>\r\n\t\t\t\t\t\t\t\t\t\t\t\r\n\t\t\t\t\t\t\t\t\t\t\t<h3 class=\"text\">\r\n\t\t\t\t\t\t\t\t\t\t\t\t<a href=\"\"  >\r\n\t\t\t\t\t\t\t\t\t\t\t\t\t\u0110\u00e0o t\u1ea1o L\u00e3nh \u0111\u1ea1o\t\t\t\t\t\t\t\t\t\t\t\t<\/a>\r\n\t\t\t\t\t\t\t\t\t\t\t<\/h3>\r\n\t\t\t\t\t\t\t\t\t\t<\/div>\r\n\t\t\t\t\t\t\t\t\t<\/div>\r\n\r\n\t\t\t\t\t\t\t\t\t<div class=\"item-right\">\r\n\t\t\t\t\t\t\t\t\t\t<div class=\"item-right-inner\">\r\n\t\t\t\t\t\t\t\t\t\t\t\t\t\t\t\t\t\t\t\t\t\t\t<p>Trao c\u01a1 h\u1ed9i cho ng\u01b0\u1eddi tr\u1ebb \u0111\u1ec3 \u0111\u00e0o t\u1ea1o th\u1ebf h\u1ec7 l\u00e3nh \u0111\u1ea1o ti\u1ebfp theo.<\/p>\r\n\t\t\t\t\t\t\t\t\t\t\t\r\n\t\t\t\t\t\t\t\t\t\t\t\t\t\t\t\t\t\t\t\t\t<\/div>\r\n\t\t\t\t\t\t\t\t\t<\/div>\r\n\t\t\t\t\t\t\t\t<\/div>\r\n\t\t\t\t\t\t\t\t\t\t\t\t\t\t\t<div class=\"service-single-item\">\r\n\t\t\t\t\t\t\t\t\t<div class=\"item-left\">\r\n\t\t\t\t\t\t\t\t\t\t\t\t\t\t\t\t\t\t\t\t\t<div class=\"image\">\r\n\t\t\t\t\t\t\t\t\t\t\t\t<img loading=\"lazy\" decoding=\"async\" width=\"280\" height=\"160\" src=\"https:\/\/terasun.jp\/wp-content\/uploads\/2025\/10\/terasun-3.jpg\" class=\"attachment-full size-full\" alt=\"\u5206\u914d\u3068\u518d\u6295\u8cc7\" title=\"\">\t\t\t\t\t\t\t\t\t\t\t<\/div>\r\n\t\t\t\t\t\t\t\t\t\t\r\n\t\t\t\t\t\t\t\t\t\t<div class=\"item-wrap\">\r\n\t\t\t\t\t\t\t\t\t\t\t\t\t\t\t\t\t\t\t\t\t\t\t<div class=\"icon\">\r\n\t\t\t\t\t\t\t\t\t\t\t\t\t<img loading=\"lazy\" decoding=\"async\" width=\"34\" height=\"34\" src=\"https:\/\/terasun.jp\/wp-content\/uploads\/2025\/10\/terusun-icon4.png\" class=\"attachment-full size-full\" alt=\"\u5206\u914d\u3068\u518d\u6295\u8cc7\" title=\"\">\t\t\t\t\t\t\t\t\t\t\t\t<\/div>\r\n\t\t\t\t\t\t\t\t\t\t\t\r\n\t\t\t\t\t\t\t\t\t\t\t<h3 class=\"text\">\r\n\t\t\t\t\t\t\t\t\t\t\t\t<a href=\"\"  >\r\n\t\t\t\t\t\t\t\t\t\t\t\t\tPh\u00e2n ph\u1ed1i v\u00e0 T\u00e1i \u0111\u1ea7u t\u01b0\t\t\t\t\t\t\t\t\t\t\t\t<\/a>\r\n\t\t\t\t\t\t\t\t\t\t\t<\/h3>\r\n\t\t\t\t\t\t\t\t\t\t<\/div>\r\n\t\t\t\t\t\t\t\t\t<\/div>\r\n\r\n\t\t\t\t\t\t\t\t\t<div class=\"item-right\">\r\n\t\t\t\t\t\t\t\t\t\t<div class=\"item-right-inner\">\r\n\t\t\t\t\t\t\t\t\t\t\t\t\t\t\t\t\t\t\t\t\t\t\t<p>X\u00e2y d\u1ef1ng c\u01a1 ch\u1ebf chia s\u1ebb l\u1ee3i nhu\u1eadn v\u00e0 t\u00e1i \u0111\u1ea7u t\u01b0 li\u00ean t\u1ee5c.<\/p>\r\n\t\t\t\t\t\t\t\t\t\t\t\r\n\t\t\t\t\t\t\t\t\t\t\t\t\t\t\t\t\t\t\t\t\t<\/div>\r\n\t\t\t\t\t\t\t\t\t<\/div>\r\n\t\t\t\t\t\t\t\t<\/div>\r\n\t\t\t\t\t\t\t\t\t\t\t\t\t<\/div>\r\n\t\t\t\t\t<\/div>\r\n\t\t\t\t<\/div>\r\n\t\t\t\t\t\t\t<\/div>\r\n\t\t<\/section>\r\n\t\t\t\t\t\t<\/div>\n\t\t\t\t<\/div>\n\t\t\t\t<\/div>\n\t\t<div class=\"elementor-element elementor-element-6fd097c e-con-full e-flex e-con e-parent\" data-id=\"6fd097c\" data-element_type=\"container\">\n\t\t\t\t<div class=\"elementor-element elementor-element-e0e44bf elementor-widget elementor-widget-bentol-collaborate\" data-id=\"e0e44bf\" data-element_type=\"widget\" data-widget_type=\"bentol-collaborate.default\">\n\t\t\t\t<div class=\"elementor-widget-container\">\n\t\t\t\t\t                <style>\r\n                .cta-section .icon-handshake::before {\r\n                        background: url(http:\/\/terasun.jp\/wp-content\/uploads\/2025\/12\/logo-terasun-copy.png) no-repeat center \/ cover;\r\n                    }\r\n                <\/style>\r\n                \r\n        <section class=\"cta-section style-2 space bg-theme3\">\r\n            <div class=\"container\">\r\n                <div class=\"row gy-30 align-items-center\">\r\n                    <div class=\"col-lg-6\">\r\n                        <div class=\"cta-content-wrapper\">\r\n                            <div class=\"title-area two\">\r\n                                <h2 class=\"sec-title\">T\u1eeb Hiroshima ra th\u1ebf gi\u1edbi, nh\u1edd s\u1ee9c m\u1ea1nh c\u1ee7a 30 c\u00f4ng ty<\/h2>\r\n                                <p class=\"sec-text text-gray\">L\u1ea5y tri\u1ebft l\u00fd \u201cC\u00f9ng nhau s\u00e1ng t\u1ea1o, c\u00f9ng nhau chia s\u1ebb, c\u00f9ng nhau x\u00e2y d\u1ef1ng t\u01b0\u01a1ng lai\u201d l\u00e0m n\u1ec1n t\u1ea3ng, l\u1ee3i nhu\u1eadn thu \u0111\u01b0\u1ee3c \u0111\u01b0\u1ee3c chia s\u1ebb v\u1edbi \u0111\u1ed3ng \u0111\u1ed9i v\u00e0 t\u00e1i \u0111\u1ea7u t\u01b0 v\u00e0o c\u00e1c d\u1ef1 \u00e1n m\u1edbi.<\/p>\r\n                            <\/div>\r\n\r\n                                                            <a href=\"\/vi\/contact\/\"  class=\"theme-btn bg-dark\">\r\n                                    <span class=\"link-effect\">\r\n                                        <span class=\"effect-1\">K\u1ebft n\u1ed1i v\u1edbi TERASUN<\/span>\r\n                                        <span class=\"effect-1\">K\u1ebft n\u1ed1i v\u1edbi TERASUN<\/span>\r\n                                    <\/span>\r\n                                                                            <i class=\"fa-regular fa-arrow-right-long\"><\/i>\r\n                                                                    <\/a>\r\n                            \r\n                        <\/div>\r\n                    <\/div>\r\n                    <div class=\"col-lg-6\">\r\n                        <div class=\"image-grid\">\r\n                            <div class=\"lines\">\r\n                                <span><\/span>\r\n                                <span><\/span>\r\n                                <span><\/span>\r\n                                <span><\/span>\r\n                                <span><\/span>\r\n                                <span><\/span>\r\n                                <span><\/span>\r\n                                <span><\/span>\r\n                                <span><\/span>\r\n                                <span><\/span>\r\n                                <span><\/span>\r\n                                <span><\/span>\r\n                            <\/div>\r\n                            <div class=\"lines2\">\r\n                                <span><\/span>\r\n                                <span><\/span>\r\n                                <span><\/span>\r\n                                <span><\/span>\r\n                                <span><\/span>\r\n                                <span><\/span>\r\n                                <span><\/span>\r\n                                <span><\/span>\r\n                                <span><\/span>\r\n                                <span><\/span>\r\n                                <span><\/span>\r\n                                <span><\/span>\r\n                                <span><\/span>\r\n                                <span><\/span>\r\n                            <\/div>\r\n                            <div class=\"image-box\">\r\n\r\n                                                                    <div class=\"image-item\">\r\n                                        <div class=\"logo-box\">\r\n                                            <img decoding=\"async\" src=\"http:\/\/terasun.jp\/wp-content\/uploads\/2025\/10\/857202ab02ba8fe4d6ab.jpg\" alt=\"image\" title=\"\">\r\n                                        <\/div>\r\n                                    <\/div>\r\n                                \r\n                                <div class=\"image-item\">\r\n                                    <div class=\"icon\"><i class=\"icon-handshake\"><\/i><\/div>\r\n                                <\/div>\r\n                                \r\n                                                                    <div class=\"image-item\">\r\n                                        <div class=\"logo-box\">\r\n                                            <img decoding=\"async\" src=\"http:\/\/terasun.jp\/wp-content\/uploads\/2025\/10\/pixta_38266876_M.webp\" alt=\"image\" title=\"\">\r\n                                        <\/div>\r\n                                    <\/div>\r\n                                \r\n                                                                    <div class=\"image-item\">\r\n                                        <div class=\"logo-box\">\r\n                                            <img decoding=\"async\" src=\"http:\/\/terasun.jp\/wp-content\/uploads\/2025\/10\/ndn_hoc-hoi-van-hoa-cong-so-nguoi-nhat_1.webp\" alt=\"image\" title=\"\">\r\n                                        <\/div>\r\n                                    <\/div>\r\n                                                                \r\n                                                                    <div class=\"image-item\">\r\n                                        <div class=\"logo-box\">\r\n                                            <img decoding=\"async\" src=\"http:\/\/terasun.jp\/wp-content\/uploads\/2025\/10\/ton-trong-quyet-dinh-cua-nhom.jpg\" alt=\"image\" title=\"\">\r\n                                        <\/div>\r\n                                    <\/div>\r\n                                                                \r\n                            <\/div>\r\n                        <\/div>\r\n                    <\/div>\r\n                <\/div>\r\n            <\/div>\r\n        <\/section>\r\n\r\n        \t\t\t\t<\/div>\n\t\t\t\t<\/div>\n\t\t\t\t<\/div>\n\t\t\t\t<\/div>","protected":false},"excerpt":{"rendered":"<p>\u6295\u8cc7\u3068\u518d\u6295\u8cc7 \u793e\u4f1a\u8ca2\u732e\u306e\u8ef8 \u7d4c\u6e08\u6d3b\u6027\u5316 \u5e83\u5cf6\u3092\u8d77\u70b9\u306b\u6771\u5357\u30a2\u30b8\u30a2\u3092\u542b\u3080\u56fd\u969b\u30d3\u30b8\u30cd\u30b9\u3092\u5c55\u958b\u3002 \u96c7\u7528\u5275\u51fa \u5404\u696d\u7a2e\u306e\u4e8b <\/p>","protected":false},"author":2,"featured_media":5783,"parent":0,"menu_order":0,"comment_status":"closed","ping_status":"closed","template":"","meta":{"_acf_changed":false,"footnotes":""},"class_list":["post-1196","page","type-page","status-publish","has-post-thumbnail","hentry"],"acf":[],"_links":{"self":[{"href":"https:\/\/terasun.jp\/vi\/wp-json\/wp\/v2\/pages\/1196","targetHints":{"allow":["GET"]}}],"collection":[{"href":"https:\/\/terasun.jp\/vi\/wp-json\/wp\/v2\/pages"}],"about":[{"href":"https:\/\/terasun.jp\/vi\/wp-json\/wp\/v2\/types\/page"}],"author":[{"embeddable":true,"href":"https:\/\/terasun.jp\/vi\/wp-json\/wp\/v2\/users\/2"}],"replies":[{"embeddable":true,"href":"https:\/\/terasun.jp\/vi\/wp-json\/wp\/v2\/comments?post=1196"}],"version-history":[{"count":33,"href":"https:\/\/terasun.jp\/vi\/wp-json\/wp\/v2\/pages\/1196\/revisions"}],"predecessor-version":[{"id":6396,"href":"https:\/\/terasun.jp\/vi\/wp-json\/wp\/v2\/pages\/1196\/revisions\/6396"}],"wp:featuredmedia":[{"embeddable":true,"href":"https:\/\/terasun.jp\/vi\/wp-json\/wp\/v2\/media\/5783"}],"wp:attachment":[{"href":"https:\/\/terasun.jp\/vi\/wp-json\/wp\/v2\/media?parent=1196"}],"curies":[{"name":"wp","href":"https:\/\/api.w.org\/{rel}","templated":true}]}}