{"id":1252,"date":"2025-10-04T13:32:00","date_gmt":"2025-10-04T13:32:00","guid":{"rendered":"http:\/\/localhost\/bentol\/?page_id=1252"},"modified":"2025-12-11T03:49:12","modified_gmt":"2025-12-10T18:49:12","slug":"about-us","status":"publish","type":"page","link":"https:\/\/terasun.jp\/en\/about-us\/","title":{"rendered":"About Us"},"content":{"rendered":"<div data-elementor-type=\"wp-page\" data-elementor-id=\"1252\" class=\"elementor elementor-1252\" data-elementor-post-type=\"page\">\n\t\t\t\t<div class=\"elementor-element elementor-element-6787274 e-con-full e-flex e-con e-parent\" data-id=\"6787274\" data-element_type=\"container\">\n\t\t\t\t<div class=\"elementor-element elementor-element-122bdda elementor-widget elementor-widget-intro\" data-id=\"122bdda\" data-element_type=\"widget\" data-widget_type=\"intro.default\">\n\t\t\t\t<div class=\"elementor-widget-container\">\n\t\t\t\t\t\n        <div class=\"image-text-section-wrapper image-left\">\n                            <div class=\"image-text-section-shape\">\n                    <img decoding=\"async\" src=\"https:\/\/terasun.jp\/wp-content\/uploads\/2025\/10\/home4-shape01-1.png\" alt=\"Decorative Shape\" title=\"\">\n                <\/div>\n                        <div class=\"container\">\n                <div class=\"image-text-section-image\">\n                    <img decoding=\"async\" src=\"http:\/\/terasun.jp\/wp-content\/uploads\/2025\/10\/Thumbnail-1-Hiroshima-Day-Trip.jpg\" alt=\"\u7d4c\u55b6\u7406\u5ff5\" title=\"\">\n                <\/div>\n                <div class=\"image-text-section-content\">\n                                            <div class=\"image-text-section-label\">\n                            <span class=\"image-text-section-label-icon\">\n                                <i aria-hidden=\"true\" class=\"fas fa-star\"><\/i>                            <\/span>\n                            <span class=\"image-text-section-label-text\">TERASUN LLC<\/span>\n                        <\/div>\n                    \n                                            <h2 class=\"image-text-section-heading\">Corporate Philosophy<\/h2>\n                    \n                                            <div class=\"image-text-section-description\"><p style=\"font-size: 14pt\"><br \/>\u201cCreate together, share together, build the future together\u201d<br \/>From Hiroshima to the world.\nWe bring together diverse companies, create a system where people and businesses can grow together, and pass on a sustainable society to future generations.<\/p><\/div>\n                    \n                                    <\/div>\n            <\/div>\n        <\/div>\n\n        \t\t\t\t<\/div>\n\t\t\t\t<\/div>\n\t\t\t\t<\/div>\n\t\t<div class=\"elementor-element elementor-element-190355c e-con-full e-flex e-con e-parent\" data-id=\"190355c\" data-element_type=\"container\">\n\t\t\t\t<div class=\"elementor-element elementor-element-7ea43b5 elementor-widget elementor-widget-bentol-mission\" data-id=\"7ea43b5\" data-element_type=\"widget\" data-widget_type=\"bentol-mission.default\">\n\t\t\t\t<div class=\"elementor-widget-container\">\n\t\t\t\t\t   \r\n        <section class=\"mission-section space bg-white\">\r\n            <div class=\"container\">\r\n                <div class=\"title-area three text-center\">\r\n                    <div class=\"sub-title\">\r\n                                            <\/div>\r\n                    <h2 class=\"sec-title\"><\/h2>\r\n                <\/div>\r\n                <div class=\"row gy-30\">\r\n                                            <div class=\"col-lg-6 col-md-6 wow fadeInLeft\">\r\n                            <div class=\"mission-single-box bg-theme3\">\r\n\r\n                                                                    <div class=\"p-top-right wow slideInRight\">\r\n                                        <img decoding=\"async\" src=\"http:\/\/terasun.jp\/wp-content\/uploads\/2025\/02\/home4-shape01-1.png\" alt=\"image\" title=\"\">\r\n                                    <\/div>\r\n                                 \r\n\r\n                                <div class=\"mission-content\">\r\n                                    <h3 class=\"title\">Mission<\/h3>\r\n                                    <p class=\"text\">Based in Hiroshima, we bring together companies across different industries and create new challenges through growth and fair distribution.\nLeveraging the flexibility of the Godo Kaisha (LLC) structure, we share profits fairly with employees and partners, nurturing them into seeds for future businesses.<\/p>\r\n\r\n                                                                    <\/div>\r\n\r\n                                                                    <div class=\"mission-image p-bottom-right\">\r\n                                        <img decoding=\"async\" src=\"http:\/\/terasun.jp\/wp-content\/uploads\/2025\/12\/logo-terasun-copy.png\" alt=\"image\" title=\"\">\r\n                                    <\/div>\r\n                                 \r\n                                \r\n                            <\/div>\r\n                        <\/div>\r\n                                            <div class=\"col-lg-6 col-md-6 wow fadeInLeft\">\r\n                            <div class=\"mission-single-box bg-light2\">\r\n\r\n                                                                    <div class=\"p-top-right wow slideInRight\">\r\n                                        <img decoding=\"async\" src=\"http:\/\/terasun.jp\/wp-content\/uploads\/2025\/02\/home4-shape01-1.png\" alt=\"image\" title=\"\">\r\n                                    <\/div>\r\n                                 \r\n\r\n                                <div class=\"mission-content\">\r\n                                    <h3 class=\"title\">Vision<\/h3>\r\n                                    <p class=\"text\">As a holding company based in Hiroshima, we aim to become a \u2018comprehensive platform\u2019 uniting over 30 companies.\u201d By bringing together diverse businesses across regions, industries, and borders, we create a \u201cnext-generation corporate group\u201d capable of taking on any business challenge.<\/p>\r\n\r\n                                                                    <\/div>\r\n\r\n                                                                    <div class=\"mission-image p-bottom-right\">\r\n                                        <img decoding=\"async\" src=\"http:\/\/terasun.jp\/wp-content\/uploads\/2025\/12\/logo-terasun-copy.png\" alt=\"image\" title=\"\">\r\n                                    <\/div>\r\n                                 \r\n                                \r\n                            <\/div>\r\n                        <\/div>\r\n                     \r\n                 <\/div>\r\n            <\/div>\r\n        <\/section>\r\n\r\n        \t\t\t\t<\/div>\n\t\t\t\t<\/div>\n\t\t<div class=\"elementor-element elementor-element-1375ec2 e-con-full elementor-hidden-desktop elementor-hidden-tablet elementor-hidden-mobile e-flex e-con e-child\" data-id=\"1375ec2\" data-element_type=\"container\">\n\t\t\t\t<div class=\"elementor-element elementor-element-db90dbb elementor-widget elementor-widget-bentol-process\" data-id=\"db90dbb\" data-element_type=\"widget\" data-widget_type=\"bentol-process.default\">\n\t\t\t\t<div class=\"elementor-widget-container\">\n\t\t\t\t\t\r\n        <section class=\"process-section space bg-white style-1 overflow-hidden\">\r\n            <div class=\"container\">\r\n                <div class=\"title-area three text-center\">\r\n                    <div class=\"sub-title\">\r\n                                                    <span><i class=\"asterisk\"><\/i><\/span>SIMPLE PROCESS                                            <\/div>\r\n                    <h2 class=\"sec-title\">Finished task follow <span class=\"bold\">the process<\/span><\/h2>\r\n                <\/div>\r\n\r\n                <div class=\"row gy-30\">\r\n                                            <div class=\"col-lg-4 col-md-6 col-sm-6 wow fadeInLeft\">\r\n                            <div class=\"process-single-box br-10\">\r\n                                <div class=\"inner-box\">\r\n                                    <div class=\"header\">\r\n                                        <div class=\"icon\">\r\n                                                                                            <img decoding=\"async\" src=\"https:\/\/bentol.themevally.com\/wp-content\/uploads\/2024\/11\/icon-comercial.png\" alt=\"Icon\" title=\"\">\r\n                                                                                    <\/div> \r\n                                        <h4 class=\"title m-0\">Mission<\/h4>\r\n                                    <\/div>\r\n                                    <p class=\"text\">\u300c\u5e83\u5cf6\u3092\u62e0\u70b9\u306b\u3001\u696d\u7a2e\u3092\u8d8a\u3048\u3066\u4f01\u696d\u3092\u7d50\u96c6\u3057\u3001\u6210\u9577\u3068\u5206\u914d\u3092\u901a\u3058\u3066\u65b0\u305f\u306a\u6311\u6226\u3092\u751f\u307f\u51fa\u3059\u300d\u5408\u540c\u4f1a\u793e\u3068\u3044\u3046\u67d4\u8edf\u306a\u4ed5\u7d44\u307f\u3092\u6d3b\u304b\u3057\u3001\u5229\u76ca\u3092\u793e\u54e1\u30fb\u4ef2\u9593\u3068\u516c\u5e73\u306b\u5206\u304b\u3061\u5408\u3044\u3001\u6b21\u306e\u4e8b\u696d\u306e\u7a2e\u306b\u80b2\u3066\u3066\u3044\u304d\u307e\u3059\u3002\n<\/p>\r\n                                    <div class=\"box-footer\">\r\n                                        <div class=\"box-count\">\r\n                                            <span><br \/>\n<br \/>\nMission<\/span>\r\n                                        <\/div>\r\n                                    <\/div>\r\n                                <\/div>\r\n                            <\/div>  \r\n                        <\/div>\r\n                                            <div class=\"col-lg-4 col-md-6 col-sm-6 wow fadeInLeft\">\r\n                            <div class=\"process-single-box br-10 current\">\r\n                                <div class=\"inner-box\">\r\n                                    <div class=\"header\">\r\n                                        <div class=\"icon\">\r\n                                                                                            <img decoding=\"async\" src=\"https:\/\/bentol.themevally.com\/wp-content\/uploads\/2024\/11\/icon-infomsg.png\" alt=\"Icon\" title=\"\">\r\n                                                                                    <\/div> \r\n                                        <h4 class=\"title m-0\">Corporate Philosophy<\/h4>\r\n                                    <\/div>\r\n                                    <p class=\"text\">\u201cCreate together, share together, build the future together\u201d<br>\nFrom Hiroshima to the world.\nWe bring together diverse companies, create a system where people and businesses can grow together, and pass on a sustainable society to future generations.<\/p>\r\n                                    <div class=\"box-footer\">\r\n                                        <div class=\"box-count\">\r\n                                            <span>Philosophy<\/span>\r\n                                        <\/div>\r\n                                    <\/div>\r\n                                <\/div>\r\n                            <\/div>  \r\n                        <\/div>\r\n                                            <div class=\"col-lg-4 col-md-6 col-sm-6 wow fadeInLeft\">\r\n                            <div class=\"process-single-box br-10\">\r\n                                <div class=\"inner-box\">\r\n                                    <div class=\"header\">\r\n                                        <div class=\"icon\">\r\n                                                                                            <img decoding=\"async\" src=\"https:\/\/bentol.themevally.com\/wp-content\/uploads\/2024\/11\/icon-finished.png\" alt=\"Icon\" title=\"\">\r\n                                                                                    <\/div> \r\n                                        <h4 class=\"title m-0\">Vision<\/h4>\r\n                                    <\/div>\r\n                                    <p class=\"text\">As a holding company based in Hiroshima, we aim to become a \u2018comprehensive platform\u2019 uniting over 30 companies.\u201d By bringing together diverse businesses across regions, industries, and borders, we create a \u201cnext-generation corporate group\u201d capable of taking on any business challenge.<\/p>\r\n                                    <div class=\"box-footer\">\r\n                                        <div class=\"box-count\">\r\n                                            <span><br \/>\n<br \/>\nVision<\/span>\r\n                                        <\/div>\r\n                                    <\/div>\r\n                                <\/div>\r\n                            <\/div>  \r\n                        <\/div>\r\n                                    <\/div>\r\n            <\/div>\r\n        <\/section>\r\n\r\n\r\n        \t\t\t\t<\/div>\n\t\t\t\t<\/div>\n\t\t\t\t<\/div>\n\t\t\t\t<\/div>\n\t\t<div class=\"elementor-element elementor-element-bae13cf e-con-full e-flex e-con e-parent\" data-id=\"bae13cf\" data-element_type=\"container\">\n\t\t\t\t<div class=\"elementor-element elementor-element-ecc0826 elementor-widget elementor-widget-bentol-process-three\" data-id=\"ecc0826\" data-element_type=\"widget\" data-widget_type=\"bentol-process-three.default\">\n\t\t\t\t<div class=\"elementor-widget-container\">\n\t\t\t\t\t        \r\n        <section class=\"process-section style-3 space bg-light2\">\r\n            <div class=\"container\">\r\n                <div class=\"title-area three text-center\">\r\n                    <div class=\"sub-title\">\r\n                                            <\/div>\r\n                    <h2 class=\"sec-title\">Values<\/h2>\r\n                <\/div>\r\n                <div class=\"row\">\r\n                    <div class=\"col-lg-12\">\r\n                        <div class=\"process-all\">\r\n                            \r\n                                                                                            <div class=\"process-step\">\r\n                                    <div class=\"serial\">Co-Creation<\/div>\r\n                                    <div class=\"line\">\r\n                                        <div class=\"circle\"><\/div>\r\n                                        <div class=\"line-long\"><i class=\"line-long-arrow\"><\/i><\/div>\r\n                                    <\/div>\r\n                                    <div class=\"content\">\r\n                                        <h4 class=\"title\"><\/h4>\r\n                                        <p class=\"text mb-0\">K\u1ebft n\u1ed1i c\u00e1c ng\u00e0nh ngh\u1ec1 v\u00e0 v\u0103n h\u00f3a kh\u00e1c nhau \u0111\u1ec3 c\u00f9ng t\u1ea1o ra gi\u00e1 tr\u1ecb.<\/p>\r\n                                    <\/div>\r\n                                <\/div>\r\n                                                                                                                            <div class=\"process-step\">\r\n                                    <div class=\"serial\">Challenge<\/div>\r\n                                    <div class=\"line\">\r\n                                        <div class=\"circle\"><\/div>\r\n                                        <div class=\"line-long\"><i class=\"line-long-arrow\"><\/i><\/div>\r\n                                    <\/div>\r\n                                    <div class=\"content\">\r\n                                        <h4 class=\"title\"><\/h4>\r\n                                        <p class=\"text mb-0\">Boldly pursue new businesses and systems without fear of failure.<\/p>\r\n                                    <\/div>\r\n                                <\/div>\r\n                                                                                                                            <div class=\"process-step\">\r\n                                    <div class=\"serial\">Distribution<\/div>\r\n                                    <div class=\"line\">\r\n                                        <div class=\"circle\"><\/div>\r\n                                        <div class=\"line-long\"><i class=\"line-long-arrow\"><\/i><\/div>\r\n                                    <\/div>\r\n                                    <div class=\"content\">\r\n                                        <h4 class=\"title\"><\/h4>\r\n                                        <p class=\"text mb-0\">Share achievements with everyone and channel them into new investments.<\/p>\r\n                                    <\/div>\r\n                                <\/div>\r\n                                                                                                                            <div class=\"process-step\">\r\n                                    <div class=\"serial\">Development<\/div>\r\n                                    <div class=\"line\">\r\n                                        <div class=\"circle\"><\/div>\r\n                                        <div class=\"line-long\"><i class=\"line-long-arrow\"><\/i><\/div>\r\n                                    <\/div>\r\n                                    <div class=\"content\">\r\n                                        <h4 class=\"title\"><\/h4>\r\n                                        <p class=\"text mb-0\">Nurture the next generation of leaders and talent.<\/p>\r\n                                    <\/div>\r\n                                <\/div>\r\n                                                                                                                            <div class=\"process-step\">\r\n                                    <div class=\"serial\">Community Contribution<\/div>\r\n                                    <div class=\"line\">\r\n                                        <div class=\"circle\"><\/div>\r\n                                        <div class=\"line-long\"><i class=\"line-long-arrow\"><\/i><\/div>\r\n                                    <\/div>\r\n                                    <div class=\"content\">\r\n                                        <h4 class=\"title\"><\/h4>\r\n                                        <p class=\"text mb-0\">Serve as a bridge from Hiroshima to Japan and the world.<\/p>\r\n                                    <\/div>\r\n                                <\/div>\r\n                                                                                        \r\n                        <\/div>\r\n                    <\/div>\r\n                <\/div>\r\n            <\/div>\r\n        <\/section>\r\n\r\n\r\n        \t\t\t\t<\/div>\n\t\t\t\t<\/div>\n\t\t\t\t<\/div>\n\t\t<div class=\"elementor-element elementor-element-e22be6e e-con-full e-flex e-con e-parent\" data-id=\"e22be6e\" data-element_type=\"container\">\n\t\t\t\t<\/div>\n\t\t<div class=\"elementor-element elementor-element-84c8a9b e-flex e-con-boxed e-con e-parent\" data-id=\"84c8a9b\" data-element_type=\"container\" data-settings=\"{&quot;background_background&quot;:&quot;classic&quot;}\">\n\t\t\t\t\t<div class=\"e-con-inner\">\n\t\t\t\t<div class=\"elementor-element elementor-element-755863c elementor-widget elementor-widget-text-editor\" data-id=\"755863c\" data-element_type=\"widget\" data-widget_type=\"text-editor.default\">\n\t\t\t\t\t\t\t\t\t<h3 style=\"text-align: center;\">Company Overview \u2013 TERASUN LLC<\/h3><p>In recent years, the environment surrounding Japan and Southeast Asia, particularly Vietnam, has faced various challenges, including natural disasters, the spread of COVID-19, and financial deterioration associated with rapid economic growth.<br \/>We are facing various challenges. As a result, issues such as widening poverty gaps and increasing unemployment have become major social problems, not only in Japan but also across the world and in Southeast Asia, particularly in Vietnam.<br \/>It has become a major social issue.<\/p><p>Now is the time to fundamentally reassess our existing values and systems and to pioneer a new era. TERASUN LLC, in this crucial period, leverages its accumulated experience and capabilities to play a role in connecting the economies of Hiroshima, Vietnam, Southeast Asia, and the world to the next generation.<\/p><p>In Hiroshima, Japan, Southeast Asia, and especially Vietnam\u2014with which we have a close relationship\u2014there is an urgent need to revitalize the economy, promote international trade, attract factories, and advance workforce deployment and education. Japan and Vietnam share a friendly relationship and must continue to deepen their cooperation moving forward.<\/p><p>TERASUN LLC aims to contribute to the development of young entrepreneurs and support employment measures through trade and economic activities with various countries, as well as through education, training, and deployment of human resources. Furthermore, we promote \u201cpeople-centered development\u201d that connects individuals while contributing to the economic revitalization of Hiroshima, Japan, Southeast Asia, and the world as a whole.<\/p><p>We are determined to move forward vigorously toward the future. We sincerely ask for your guidance, encouragement, and support.<\/p><p><strong>TERASUN LLC <\/strong><br \/><strong>Representative Member &amp; Chairman <\/strong><br \/><strong>Koichi Teranishi<\/strong><\/p>\t\t\t\t\t\t\t\t<\/div>\n\t\t\t\t\t<\/div>\n\t\t\t\t<\/div>\n\t\t\t\t<\/div>","protected":false},"excerpt":{"rendered":"<p>\u5408\u540c\u4f1a\u793e TERASUN \u7d4c\u55b6\u7406\u5ff5 \u300c\u5171\u306b\u5275\u308a\u3001\u5171\u306b\u5206\u304b\u3061\u5408\u3044\u3001\u5171\u306b\u672a\u6765\u3092\u7bc9\u304f\u300d\u5e83\u5cf6\u304b\u3089\u4e16\u754c\u3078\u3002\u591a\u69d8\u306a\u4f01\u696d\u3092\u675f <\/p>","protected":false},"author":2,"featured_media":5830,"parent":0,"menu_order":0,"comment_status":"closed","ping_status":"closed","template":"","meta":{"_acf_changed":false,"footnotes":""},"class_list":["post-1252","page","type-page","status-publish","has-post-thumbnail","hentry"],"acf":[],"_links":{"self":[{"href":"https:\/\/terasun.jp\/en\/wp-json\/wp\/v2\/pages\/1252","targetHints":{"allow":["GET"]}}],"collection":[{"href":"https:\/\/terasun.jp\/en\/wp-json\/wp\/v2\/pages"}],"about":[{"href":"https:\/\/terasun.jp\/en\/wp-json\/wp\/v2\/types\/page"}],"author":[{"embeddable":true,"href":"https:\/\/terasun.jp\/en\/wp-json\/wp\/v2\/users\/2"}],"replies":[{"embeddable":true,"href":"https:\/\/terasun.jp\/en\/wp-json\/wp\/v2\/comments?post=1252"}],"version-history":[{"count":130,"href":"https:\/\/terasun.jp\/en\/wp-json\/wp\/v2\/pages\/1252\/revisions"}],"predecessor-version":[{"id":6393,"href":"https:\/\/terasun.jp\/en\/wp-json\/wp\/v2\/pages\/1252\/revisions\/6393"}],"wp:featuredmedia":[{"embeddable":true,"href":"https:\/\/terasun.jp\/en\/wp-json\/wp\/v2\/media\/5830"}],"wp:attachment":[{"href":"https:\/\/terasun.jp\/en\/wp-json\/wp\/v2\/media?parent=1252"}],"curies":[{"name":"wp","href":"https:\/\/api.w.org\/{rel}","templated":true}]}}